{"id":146,"date":"2025-01-16T14:11:21","date_gmt":"2025-01-16T13:11:21","guid":{"rendered":"https:\/\/edelvin.no\/?page_id=146"},"modified":"2025-01-16T14:11:21","modified_gmt":"2025-01-16T13:11:21","slug":"om-oss-3","status":"publish","type":"page","link":"https:\/\/edelvin.no\/?page_id=146","title":{"rendered":"Om oss"},"content":{"rendered":"\n<h2 class=\"wp-block-heading\">Vinens reise<\/h2>\n\n\n\n<p>Vinproduksjon har en lang og stolt historie som g\u00e5r tusenvis av \u00e5r tilbake i tid. De tidligste bevisene p\u00e5 vinproduksjon kan spores tilbake til oldtidens Mesopotamia og Egypt, hvor mennesker begynte \u00e5 dyrke druer og lage vin rundt 6000 f. Kr. Det spredte seg deretter til Middelhavsomr\u00e5det og andre deler av verden f\u00f8r det til slutt landet i Farsund.<\/p>\n\n\n<div class=\"wp-block-image is-style-default\">\n<figure class=\"aligncenter size-large is-resized\"><img loading=\"lazy\" decoding=\"async\" width=\"768\" height=\"1024\" src=\"https:\/\/edelvin.no\/wp-content\/uploads\/2025\/01\/rodvin_druer_naerbilde-768x1024.jpg\" alt=\"\" class=\"wp-image-46\" style=\"width:191px;height:auto\" srcset=\"https:\/\/edelvin.no\/wp-content\/uploads\/2025\/01\/rodvin_druer_naerbilde-768x1024.jpg 768w, https:\/\/edelvin.no\/wp-content\/uploads\/2025\/01\/rodvin_druer_naerbilde-225x300.jpg 225w, https:\/\/edelvin.no\/wp-content\/uploads\/2025\/01\/rodvin_druer_naerbilde-1152x1536.jpg 1152w, https:\/\/edelvin.no\/wp-content\/uploads\/2025\/01\/rodvin_druer_naerbilde.jpg 1417w\" sizes=\"auto, (max-width: 706px) 89vw, (max-width: 767px) 82vw, 740px\" \/><\/figure>\n<\/div>\n\n\n<h2 class=\"wp-block-heading\">V\u00e5r reise<\/h2>\n\n\n\n<p>I 2010 grunnla Audun og Edel Irene en ving\u00e5rd med beskjedne 300 vinranker. Siden den spede begynnelsen har ving\u00e5rden vokst betydelig, og i dag trives hele 1000 vinranker p\u00e5 eiendommen v\u00e5r i Farsund kommune, p\u00e5 Ertsaker. V\u00e5r hovedm\u00e5lsetning har alltid v\u00e6rt \u00e5 produsere f\u00f8rsteklasses vin fra druer dyrket p\u00e5 v\u00e5re egne vinmarker.<\/p>\n\n\n\n<p>V\u00e5re viner har blitt m\u00f8tt med sv\u00e6rt positive tilbakemeldinger. Ved Norsk Vinskue i 2020 ble v\u00e5r Ros\u00e9vin tildelt f\u00f8rsteplass, og r\u00f8dvinen v\u00e5r tok en hederlig andreplass. \u00c5ret etter, i 2021, vant v\u00e5r Ros\u00e9vin igjen f\u00f8rsteplassen, r\u00f8dvinen sikret en solid andreplass og en gullmedalje. V\u00e5r musserende Ros\u00e9vin oppn\u00e5dde andreplass (beste norske) mens hvitvinen v\u00e5r kom p\u00e5 tredjeplass.<\/p>\n\n\n\n<p>Videre, i 2022, ble v\u00e5re musserende viner igjen hedret med en andreplass og en tredjeplass. I tillegg til v\u00e5r suksess innen vinproduksjon, fikk Edel Ving\u00e5rd tilvirkningbevilling for alkoholholdig drikke i 2021, som markerer en viktig milep\u00e6l for oss i vinbransjen.<\/p>\n\n\n\n<p>V\u00e5r reise begynte beskjedent, men med dedikasjon og lidenskap har vi oppn\u00e5dd anerkjennelse for v\u00e5re kvalitetsprodukter. Vi ser frem til fortsettelsen av v\u00e5r ving\u00e5rdsreise og til \u00e5 dele v\u00e5re unike smaker med flere vinelskere.<\/p>\n\n\n\n<p><em>Vinbonden<\/em><\/p>\n\n\n<div class=\"wp-block-image\">\n<figure class=\"aligncenter size-large is-resized\"><img loading=\"lazy\" decoding=\"async\" width=\"1024\" height=\"952\" src=\"https:\/\/edelvin.no\/wp-content\/uploads\/2025\/01\/edelvin_logo_utenbakgrunn-1024x952.png\" alt=\"\" class=\"wp-image-27\" style=\"width:149px;height:auto\" srcset=\"https:\/\/edelvin.no\/wp-content\/uploads\/2025\/01\/edelvin_logo_utenbakgrunn-1024x952.png 1024w, https:\/\/edelvin.no\/wp-content\/uploads\/2025\/01\/edelvin_logo_utenbakgrunn-300x279.png 300w, https:\/\/edelvin.no\/wp-content\/uploads\/2025\/01\/edelvin_logo_utenbakgrunn-768x714.png 768w, https:\/\/edelvin.no\/wp-content\/uploads\/2025\/01\/edelvin_logo_utenbakgrunn.png 1493w\" sizes=\"auto, (max-width: 706px) 89vw, (max-width: 767px) 82vw, 740px\" \/><\/figure>\n<\/div>","protected":false},"excerpt":{"rendered":"<p>Vinens reise Vinproduksjon har en lang og stolt historie som g\u00e5r tusenvis av \u00e5r tilbake i tid. De tidligste bevisene p\u00e5 vinproduksjon kan spores tilbake til oldtidens Mesopotamia og Egypt, hvor mennesker begynte \u00e5 dyrke druer og lage vin rundt 6000 f. Kr. Det spredte seg deretter til Middelhavsomr\u00e5det og andre deler av verden f\u00f8r &hellip; <\/p>\n<p class=\"link-more\"><a href=\"https:\/\/edelvin.no\/?page_id=146\" class=\"more-link\">Fortsett \u00e5 lese<span class=\"screen-reader-text\"> \u00abOm oss\u00bb<\/span><\/a><\/p>\n","protected":false},"author":1,"featured_media":0,"parent":0,"menu_order":0,"comment_status":"closed","ping_status":"closed","template":"","meta":{"footnotes":""},"class_list":["post-146","page","type-page","status-publish","hentry"],"jetpack_sharing_enabled":true,"_links":{"self":[{"href":"https:\/\/edelvin.no\/index.php?rest_route=\/wp\/v2\/pages\/146","targetHints":{"allow":["GET"]}}],"collection":[{"href":"https:\/\/edelvin.no\/index.php?rest_route=\/wp\/v2\/pages"}],"about":[{"href":"https:\/\/edelvin.no\/index.php?rest_route=\/wp\/v2\/types\/page"}],"author":[{"embeddable":true,"href":"https:\/\/edelvin.no\/index.php?rest_route=\/wp\/v2\/users\/1"}],"replies":[{"embeddable":true,"href":"https:\/\/edelvin.no\/index.php?rest_route=%2Fwp%2Fv2%2Fcomments&post=146"}],"version-history":[{"count":1,"href":"https:\/\/edelvin.no\/index.php?rest_route=\/wp\/v2\/pages\/146\/revisions"}],"predecessor-version":[{"id":147,"href":"https:\/\/edelvin.no\/index.php?rest_route=\/wp\/v2\/pages\/146\/revisions\/147"}],"wp:attachment":[{"href":"https:\/\/edelvin.no\/index.php?rest_route=%2Fwp%2Fv2%2Fmedia&parent=146"}],"curies":[{"name":"wp","href":"https:\/\/api.w.org\/{rel}","templated":true}]}}