{"id":32,"date":"2025-01-15T13:35:12","date_gmt":"2025-01-15T12:35:12","guid":{"rendered":"https:\/\/edelvin.no\/?page_id=32"},"modified":"2025-01-16T12:24:16","modified_gmt":"2025-01-16T11:24:16","slug":"hjem","status":"publish","type":"page","link":"https:\/\/edelvin.no\/","title":{"rendered":"Hjem"},"content":{"rendered":"\n<p>I 2010 grunnla Audun og Edel Irene en ving\u00e5rd med beskjedne 300 vinranker. Siden den spede begynnelsen har ving\u00e5rden vokst betydelig, og i dag trives hele 1000 vinranker p\u00e5 eiendommen v\u00e5r i Farsund kommune, p\u00e5 Ertsaker. V\u00e5r hovedm\u00e5lsetning har alltid v\u00e6rt \u00e5 produsere f\u00f8rsteklasses vin fra druer dyrket p\u00e5 v\u00e5re egne vinmarker.<\/p>\n","protected":false},"excerpt":{"rendered":"<p>I 2010 grunnla Audun og Edel Irene en ving\u00e5rd med beskjedne 300 vinranker. Siden den spede begynnelsen har ving\u00e5rden vokst betydelig, og i dag trives hele 1000 vinranker p\u00e5 eiendommen v\u00e5r i Farsund kommune, p\u00e5 Ertsaker. V\u00e5r hovedm\u00e5lsetning har alltid v\u00e6rt \u00e5 produsere f\u00f8rsteklasses vin fra druer dyrket p\u00e5 v\u00e5re egne vinmarker.<\/p>\n","protected":false},"author":1,"featured_media":0,"parent":0,"menu_order":0,"comment_status":"closed","ping_status":"closed","template":"","meta":{"footnotes":""},"class_list":["post-32","page","type-page","status-publish","hentry"],"jetpack_sharing_enabled":true,"_links":{"self":[{"href":"https:\/\/edelvin.no\/index.php?rest_route=\/wp\/v2\/pages\/32","targetHints":{"allow":["GET"]}}],"collection":[{"href":"https:\/\/edelvin.no\/index.php?rest_route=\/wp\/v2\/pages"}],"about":[{"href":"https:\/\/edelvin.no\/index.php?rest_route=\/wp\/v2\/types\/page"}],"author":[{"embeddable":true,"href":"https:\/\/edelvin.no\/index.php?rest_route=\/wp\/v2\/users\/1"}],"replies":[{"embeddable":true,"href":"https:\/\/edelvin.no\/index.php?rest_route=%2Fwp%2Fv2%2Fcomments&post=32"}],"version-history":[{"count":2,"href":"https:\/\/edelvin.no\/index.php?rest_route=\/wp\/v2\/pages\/32\/revisions"}],"predecessor-version":[{"id":119,"href":"https:\/\/edelvin.no\/index.php?rest_route=\/wp\/v2\/pages\/32\/revisions\/119"}],"wp:attachment":[{"href":"https:\/\/edelvin.no\/index.php?rest_route=%2Fwp%2Fv2%2Fmedia&parent=32"}],"curies":[{"name":"wp","href":"https:\/\/api.w.org\/{rel}","templated":true}]}}