{"id":49,"date":"2025-01-15T13:35:12","date_gmt":"2025-01-15T12:35:12","guid":{"rendered":"https:\/\/edelvin.no\/?page_id=49"},"modified":"2025-01-16T10:09:37","modified_gmt":"2025-01-16T09:09:37","slug":"vare-viner","status":"publish","type":"page","link":"https:\/\/edelvin.no\/?page_id=49","title":{"rendered":"V\u00e5re viner"},"content":{"rendered":"\n<div class=\"wp-block-media-text alignfull is-stacked-on-mobile is-vertically-aligned-center\" style=\"grid-template-columns:47% auto\"><figure class=\"wp-block-media-text__media\"><img loading=\"lazy\" decoding=\"async\" width=\"443\" height=\"1024\" src=\"https:\/\/edelvin.no\/wp-content\/uploads\/2025\/01\/DSC07250_NY_2023-443x1024.jpg\" alt=\"\" class=\"wp-image-104 size-full\" srcset=\"https:\/\/edelvin.no\/wp-content\/uploads\/2025\/01\/DSC07250_NY_2023-443x1024.jpg 443w, https:\/\/edelvin.no\/wp-content\/uploads\/2025\/01\/DSC07250_NY_2023-130x300.jpg 130w, https:\/\/edelvin.no\/wp-content\/uploads\/2025\/01\/DSC07250_NY_2023-768x1774.jpg 768w, https:\/\/edelvin.no\/wp-content\/uploads\/2025\/01\/DSC07250_NY_2023-665x1536.jpg 665w, https:\/\/edelvin.no\/wp-content\/uploads\/2025\/01\/DSC07250_NY_2023-887x2048.jpg 887w, https:\/\/edelvin.no\/wp-content\/uploads\/2025\/01\/DSC07250_NY_2023-scaled.jpg 1109w\" sizes=\"auto, (max-width: 443px) 100vw, 443px\" \/><\/figure><div class=\"wp-block-media-text__content\">\n<h3 class=\"wp-block-heading has-text-align-left has-text-color\" style=\"color:#000000\"><strong>Rett Vest <\/strong><\/h3>\n\n\n\n<p>R\u00f8dvin<br>Alk. 12% Vol. \/ 750 ML<\/p>\n\n\n\n<hr class=\"wp-block-separator has-alpha-channel-opacity is-style-wide\"\/>\n\n\n\n<p class=\"has-text-align-left has-extra-small-font-size\">Kortreist r\u00f8dvin laget av druer dyrket p\u00e5 Ertsaker. N\u00e6rhet til sj\u00f8 og v\u00e5re lange lyse netter gir Edelvin den unike smaken. M\u00f8rk rubinr\u00f8d farge, fruktig og syrlig med fylde. Rund og bl\u00f8t med saftig ettersmak.<\/p>\n\n\n\n<p class=\"has-text-align-left has-extra-small-font-size\">Rondo 90% \/ Cabernet 10% \/ inneholder sulfitt<\/p>\n<\/div><\/div>\n\n\n\n<div class=\"wp-block-media-text alignfull has-media-on-the-right is-stacked-on-mobile is-vertically-aligned-center\" style=\"grid-template-columns:auto 47%\"><div class=\"wp-block-media-text__content\">\n<h3 class=\"wp-block-heading has-text-align-right has-text-color\" style=\"color:#000000\"><strong>Mist <\/strong><\/h3>\n\n\n\n<p class=\"has-text-align-right\">Hvitvin<br>Alk. 11% Vol. \/ 750 ML<\/p>\n\n\n\n<hr class=\"wp-block-separator has-alpha-channel-opacity is-style-wide\"\/>\n\n\n\n<p class=\"has-text-align-right has-extra-small-font-size\">Kortreist hvitvin laget av druer dyrket p\u00e5 Ertsaker. N\u00e6rhet til sj\u00f8 og lange lyse netter gir Edelvin den unike smaken. Ung og fruktig, med god balanse mellom frukt og syre. Navnet kommer fra norr\u00f8n mytologi;&nbsp;<em>Mist bringer Odin hans drikkehorn i Valhall.<\/em><\/p>\n\n\n\n<p class=\"has-text-align-right has-extra-small-font-size\">Solaris \/ inneholder sulfitt<\/p>\n<\/div><figure class=\"wp-block-media-text__media\"><img loading=\"lazy\" decoding=\"async\" width=\"452\" height=\"1024\" src=\"https:\/\/edelvin.no\/wp-content\/uploads\/2025\/01\/DSC07224_NY2_2023-452x1024.jpg\" alt=\"\" class=\"wp-image-100 size-full\" srcset=\"https:\/\/edelvin.no\/wp-content\/uploads\/2025\/01\/DSC07224_NY2_2023-452x1024.jpg 452w, https:\/\/edelvin.no\/wp-content\/uploads\/2025\/01\/DSC07224_NY2_2023-132x300.jpg 132w, https:\/\/edelvin.no\/wp-content\/uploads\/2025\/01\/DSC07224_NY2_2023-768x1741.jpg 768w, https:\/\/edelvin.no\/wp-content\/uploads\/2025\/01\/DSC07224_NY2_2023-678x1536.jpg 678w, https:\/\/edelvin.no\/wp-content\/uploads\/2025\/01\/DSC07224_NY2_2023-904x2048.jpg 904w, https:\/\/edelvin.no\/wp-content\/uploads\/2025\/01\/DSC07224_NY2_2023-scaled.jpg 1130w\" sizes=\"auto, (max-width: 452px) 100vw, 452px\" \/><\/figure><\/div>\n\n\n\n<div class=\"wp-block-media-text alignfull is-stacked-on-mobile is-vertically-aligned-center\" style=\"grid-template-columns:44% auto\"><figure class=\"wp-block-media-text__media\"><img loading=\"lazy\" decoding=\"async\" width=\"428\" height=\"1024\" src=\"https:\/\/edelvin.no\/wp-content\/uploads\/2025\/01\/DSC07218-copy_NY-428x1024.jpg\" alt=\"\" class=\"wp-image-98 size-full\" srcset=\"https:\/\/edelvin.no\/wp-content\/uploads\/2025\/01\/DSC07218-copy_NY-428x1024.jpg 428w, https:\/\/edelvin.no\/wp-content\/uploads\/2025\/01\/DSC07218-copy_NY-125x300.jpg 125w, https:\/\/edelvin.no\/wp-content\/uploads\/2025\/01\/DSC07218-copy_NY-768x1837.jpg 768w, https:\/\/edelvin.no\/wp-content\/uploads\/2025\/01\/DSC07218-copy_NY-642x1536.jpg 642w, https:\/\/edelvin.no\/wp-content\/uploads\/2025\/01\/DSC07218-copy_NY-856x2048.jpg 856w, https:\/\/edelvin.no\/wp-content\/uploads\/2025\/01\/DSC07218-copy_NY-scaled.jpg 1070w\" sizes=\"auto, (max-width: 428px) 100vw, 428px\" \/><\/figure><div class=\"wp-block-media-text__content\">\n<h3 class=\"wp-block-heading has-text-align-left has-text-color\" style=\"color:#000000\"><strong>Brut Rosado<\/strong><\/h3>\n\n\n\n<p>Brut Rosado<br>Alk. 12% Vol. \/ 750 ML<\/p>\n\n\n\n<hr class=\"wp-block-separator has-alpha-channel-opacity is-style-wide\"\/>\n\n\n\n<p class=\"has-text-align-left has-extra-small-font-size\">Kortreist musserende ros\u00e9vin laget av druer dyrket p\u00e5 Ertsaker. N\u00e6rhet til sj\u00f8 og v\u00e5re lange lyse netter gir Edelvin den unike smaken. Delikat med frisk syre, smak av markjordb\u00e6r, med god balanse.<br><br>Produsert etter\u00a0<em>Champagnemetoden<\/em>\u00a0<\/p>\n\n\n\n<p class=\"has-text-align-left has-extra-small-font-size\">Rondo \/ inneholder sulfitt<\/p>\n\n\n\n<p class=\"has-text-align-center has-extra-small-font-size\"><\/p>\n<\/div><\/div>\n\n\n\n<div class=\"wp-block-media-text alignfull has-media-on-the-right is-stacked-on-mobile is-vertically-aligned-center\" style=\"grid-template-columns:auto 47%\"><div class=\"wp-block-media-text__content\">\n<h3 class=\"wp-block-heading has-text-align-right has-text-color\" style=\"color:#000000\"><strong>Brut Mist <\/strong><\/h3>\n\n\n\n<p class=\"has-text-align-right\">Musserende hvitvin<br>Alk. 11% Vol. \/ 750 ML<\/p>\n\n\n\n<hr class=\"wp-block-separator has-alpha-channel-opacity is-style-wide\"\/>\n\n\n\n<p class=\"has-text-align-right has-extra-small-font-size\">Kortreist musserende hvitvin laget av druer dyrket p\u00e5 Ertsaker. N\u00e6rhet til sj\u00f8 og v\u00e5re lange lyse netter gir Edelvin den unike smake. Delikat med frisk syre. Med smak av hvit frukt, s\u00f8t og balansert.<br><br>Produsert etter\u00a0<em>Champagnemetoden<\/em><\/p>\n\n\n\n<p class=\"has-text-align-right has-extra-small-font-size\">Solaris \/ inneholder sulfitt<\/p>\n\n\n\n<p class=\"has-text-align-center has-extra-small-font-size\"><\/p>\n<\/div><figure class=\"wp-block-media-text__media\"><img loading=\"lazy\" decoding=\"async\" width=\"447\" height=\"1024\" src=\"https:\/\/edelvin.no\/wp-content\/uploads\/2025\/01\/DSC07206_NY_2023-447x1024.jpg\" alt=\"\" class=\"wp-image-97 size-full\" srcset=\"https:\/\/edelvin.no\/wp-content\/uploads\/2025\/01\/DSC07206_NY_2023-447x1024.jpg 447w, https:\/\/edelvin.no\/wp-content\/uploads\/2025\/01\/DSC07206_NY_2023-131x300.jpg 131w, https:\/\/edelvin.no\/wp-content\/uploads\/2025\/01\/DSC07206_NY_2023-768x1760.jpg 768w, https:\/\/edelvin.no\/wp-content\/uploads\/2025\/01\/DSC07206_NY_2023-670x1536.jpg 670w, https:\/\/edelvin.no\/wp-content\/uploads\/2025\/01\/DSC07206_NY_2023-893x2048.jpg 893w, https:\/\/edelvin.no\/wp-content\/uploads\/2025\/01\/DSC07206_NY_2023-scaled.jpg 1117w\" sizes=\"auto, (max-width: 447px) 100vw, 447px\" \/><\/figure><\/div>\n\n\n\n<div class=\"wp-block-media-text alignfull is-stacked-on-mobile is-vertically-aligned-center\" style=\"grid-template-columns:47% auto\"><figure class=\"wp-block-media-text__media\"><img loading=\"lazy\" decoding=\"async\" width=\"451\" height=\"1024\" src=\"https:\/\/edelvin.no\/wp-content\/uploads\/2025\/01\/DSC07222_NY2_2023-451x1024.jpg\" alt=\"\" class=\"wp-image-99 size-full\" srcset=\"https:\/\/edelvin.no\/wp-content\/uploads\/2025\/01\/DSC07222_NY2_2023-451x1024.jpg 451w, https:\/\/edelvin.no\/wp-content\/uploads\/2025\/01\/DSC07222_NY2_2023-132x300.jpg 132w, https:\/\/edelvin.no\/wp-content\/uploads\/2025\/01\/DSC07222_NY2_2023-768x1745.jpg 768w, https:\/\/edelvin.no\/wp-content\/uploads\/2025\/01\/DSC07222_NY2_2023-676x1536.jpg 676w, https:\/\/edelvin.no\/wp-content\/uploads\/2025\/01\/DSC07222_NY2_2023-902x2048.jpg 902w, https:\/\/edelvin.no\/wp-content\/uploads\/2025\/01\/DSC07222_NY2_2023-scaled.jpg 1127w\" sizes=\"auto, (max-width: 451px) 100vw, 451px\" \/><\/figure><div class=\"wp-block-media-text__content\">\n<h3 class=\"wp-block-heading has-text-align-left has-text-color\" style=\"color:#000000\"><strong>Freyr<\/strong><\/h3>\n\n\n\n<p class=\"has-text-align-left\">Oransjevin<br>Alk. 11% Vol. \/ 750 ML<\/p>\n\n\n\n<hr class=\"wp-block-separator has-alpha-channel-opacity is-style-wide\"\/>\n\n\n\n<p class=\"has-text-align-left has-extra-small-font-size\">Kortreist og naturlig oransjevin laget ved at vinen er gj\u00e6ret med skallkontakt. N\u00e6rhet til sj\u00f8 og v\u00e5re lange lyse netter gir Edelvin den unike smaken. Smak av markjordb\u00f8r, s\u00f8dmefull og frisk, med god balanse. Navnet kommer fra norr\u00f8n mytologi;&nbsp;<em>Freyr er guden for god h\u00f8st og velstand.<\/em><br><br>Solaris \/ inneholder sulfitt<\/p>\n\n\n\n<p class=\"has-text-align-center has-extra-small-font-size\"><\/p>\n<\/div><\/div>\n\n\n\n<div class=\"wp-block-media-text alignfull has-media-on-the-right is-stacked-on-mobile is-vertically-aligned-center\" style=\"grid-template-columns:auto 35%\"><div class=\"wp-block-media-text__content\">\n<h3 class=\"wp-block-heading has-text-align-right has-text-color\" style=\"color:#000000\"><strong>Dessertvin\u00a0<\/strong><\/h3>\n\n\n\n<p class=\"has-text-align-right\">Alk. 17% Vol. \/ 500 ML<\/p>\n\n\n\n<hr class=\"wp-block-separator has-alpha-channel-opacity is-style-wide\"\/>\n\n\n\n<p class=\"has-text-align-right has-extra-small-font-size\">Kortreist dessertvin laget av druer dyrket p\u00e5 Ertsaker. Lagret p\u00e5 eikefat i 18 m\u00e5neder. N\u00e6rhet til sj\u00f8 og v\u00e5re lange lyse netter gir Edelvin den unike smaken. Rubinr\u00f8d farge, fruktig med fylde, s\u00f8t med saftig ettersmak.<br><br>Cabernet noir \/ inneholder sulfitt<\/p>\n\n\n\n<p class=\"has-text-align-left has-extra-small-font-size\"><\/p>\n\n\n\n<p class=\"has-text-align-center has-extra-small-font-size\"><\/p>\n<\/div><figure class=\"wp-block-media-text__media\"><img loading=\"lazy\" decoding=\"async\" width=\"283\" height=\"1024\" src=\"https:\/\/edelvin.no\/wp-content\/uploads\/2025\/01\/DSC07250_dessert_3_2023-283x1024.jpg\" alt=\"\" class=\"wp-image-103 size-full\" srcset=\"https:\/\/edelvin.no\/wp-content\/uploads\/2025\/01\/DSC07250_dessert_3_2023-283x1024.jpg 283w, https:\/\/edelvin.no\/wp-content\/uploads\/2025\/01\/DSC07250_dessert_3_2023-83x300.jpg 83w, https:\/\/edelvin.no\/wp-content\/uploads\/2025\/01\/DSC07250_dessert_3_2023-768x2780.jpg 768w, https:\/\/edelvin.no\/wp-content\/uploads\/2025\/01\/DSC07250_dessert_3_2023-424x1536.jpg 424w, https:\/\/edelvin.no\/wp-content\/uploads\/2025\/01\/DSC07250_dessert_3_2023-566x2048.jpg 566w, https:\/\/edelvin.no\/wp-content\/uploads\/2025\/01\/DSC07250_dessert_3_2023-scaled.jpg 707w\" sizes=\"auto, (max-width: 283px) 100vw, 283px\" \/><\/figure><\/div>\n\n\n\n<p><\/p>\n","protected":false},"excerpt":{"rendered":"","protected":false},"author":1,"featured_media":0,"parent":0,"menu_order":0,"comment_status":"closed","ping_status":"closed","template":"","meta":{"footnotes":""},"class_list":["post-49","page","type-page","status-publish","hentry"],"jetpack_sharing_enabled":true,"_links":{"self":[{"href":"https:\/\/edelvin.no\/index.php?rest_route=\/wp\/v2\/pages\/49","targetHints":{"allow":["GET"]}}],"collection":[{"href":"https:\/\/edelvin.no\/index.php?rest_route=\/wp\/v2\/pages"}],"about":[{"href":"https:\/\/edelvin.no\/index.php?rest_route=\/wp\/v2\/types\/page"}],"author":[{"embeddable":true,"href":"https:\/\/edelvin.no\/index.php?rest_route=\/wp\/v2\/users\/1"}],"replies":[{"embeddable":true,"href":"https:\/\/edelvin.no\/index.php?rest_route=%2Fwp%2Fv2%2Fcomments&post=49"}],"version-history":[{"count":5,"href":"https:\/\/edelvin.no\/index.php?rest_route=\/wp\/v2\/pages\/49\/revisions"}],"predecessor-version":[{"id":109,"href":"https:\/\/edelvin.no\/index.php?rest_route=\/wp\/v2\/pages\/49\/revisions\/109"}],"wp:attachment":[{"href":"https:\/\/edelvin.no\/index.php?rest_route=%2Fwp%2Fv2%2Fmedia&parent=49"}],"curies":[{"name":"wp","href":"https:\/\/api.w.org\/{rel}","templated":true}]}}