{"id":50,"date":"2025-01-15T13:35:12","date_gmt":"2025-01-15T12:35:12","guid":{"rendered":"https:\/\/edelvin.no\/?page_id=50"},"modified":"2025-01-22T09:44:55","modified_gmt":"2025-01-22T08:44:55","slug":"opplev-oss-her","status":"publish","type":"page","link":"https:\/\/edelvin.no\/?page_id=50","title":{"rendered":"Opplev oss her"},"content":{"rendered":"\n<p>I Norge kan vi dessverre ikke selge vin direkte til privatpersoner. Dette skyldes strenge alkohollover og et regulert vinmonopol. Men frykt ikke! Du har fremdeles muligheten til \u00e5 oppleve v\u00e5re deilige viner hos utvalgte spisesteder og vinbarer. Skudeneset Gaard, M\u00e5ltid p\u00e5 Boen G\u00e5rd, Smag og Behag og Pieder Ro er noen av de flotte stedene hvor du kan smake v\u00e5re utvalgte viner. Disse stedene har satt sammen spennende vinmenyer og atmosf\u00e6ren som vil gj\u00f8re ditt bes\u00f8k minneverdig. S\u00e5 selv om direktesalg ikke er en mulighet, er det rikelig med muligheter til \u00e5 nyte v\u00e5re viner i en herlig setting.<\/p>\n\n\n\n<p><mark style=\"background-color:rgba(0, 0, 0, 0)\" class=\"has-inline-color has-white-color\">.<\/mark><\/p>\n\n\n\n<hr class=\"wp-block-separator has-alpha-channel-opacity is-style-wide\"\/>\n\n\n\n<p><mark style=\"background-color:rgba(0, 0, 0, 0)\" class=\"has-inline-color has-white-color\">.<\/mark><\/p>\n\n\n\n<div class=\"wp-block-group is-nowrap is-layout-flex wp-container-core-group-is-layout-ad2f72ca wp-block-group-is-layout-flex\">\n<div class=\"wp-block-media-text alignfull is-stacked-on-mobile is-vertically-aligned-center\" style=\"grid-template-columns:46% auto\"><figure class=\"wp-block-media-text__media\"><img loading=\"lazy\" decoding=\"async\" width=\"300\" height=\"225\" src=\"https:\/\/edelvin.no\/wp-content\/uploads\/2025\/01\/Skudeneset-Gard.jpeg\" alt=\"\" class=\"wp-image-158 size-full\"\/><\/figure><div class=\"wp-block-media-text__content\">\n<h3 class=\"wp-block-heading has-text-align-left has-text-color\" style=\"color:#000000\"><strong>Skudeneset Gaard<\/strong><\/h3>\n\n\n\n<hr class=\"wp-block-separator has-alpha-channel-opacity is-style-wide\"\/>\n\n\n\n<p class=\"has-text-align-left has-extra-small-font-size\">Skudeneset Gaard ved elva Sygna i S\u00f8gne er S\u00f8rlandets st\u00f8rste ving\u00e5rd. De produserer Sygna musserende vin fra 2000 vinstokker og serverer den i Stallen Vinbar med retter basert p\u00e5 lokale r\u00e5varer. Bes\u00f8k dem for omvisning, smaking og selskaper, eller kom innom p\u00e5 deres \u00e5pningsdager gjennom \u00e5ret.<\/p>\n<\/div><\/div>\n<\/div>\n\n\n\n<p><mark style=\"background-color:rgba(0, 0, 0, 0)\" class=\"has-inline-color has-white-color\">.<\/mark><\/p>\n\n\n\n<hr class=\"wp-block-separator has-alpha-channel-opacity is-style-wide\"\/>\n\n\n\n<p><mark style=\"background-color:rgba(0, 0, 0, 0)\" class=\"has-inline-color has-white-color\">.<\/mark><\/p>\n\n\n\n<div class=\"wp-block-group is-nowrap is-layout-flex wp-container-core-group-is-layout-ad2f72ca wp-block-group-is-layout-flex\">\n<div class=\"wp-block-media-text alignfull has-media-on-the-right is-stacked-on-mobile is-vertically-aligned-center\" style=\"grid-template-columns:auto 47%\"><div class=\"wp-block-media-text__content\">\n<h3 class=\"wp-block-heading has-text-align-right has-text-color\" style=\"color:#000000\"><strong>Smag og Behag<\/strong><\/h3>\n\n\n\n<hr class=\"wp-block-separator has-alpha-channel-opacity is-style-wide\"\/>\n\n\n\n<p class=\"has-text-align-right has-extra-small-font-size\">Smag &amp; Behag Kristiansand har \u00e5pnet i Kongens Gate skole, en totalrenovert gymsal med en varm atmosf\u00e6re. Her serveres f\u00f8rsteklasses mat til fornuftige priser, med \u00e5pent kj\u00f8kken, variert bar og en imponerende vinkjeller som gir deg muligheten til \u00e5 nyte kvalitetsmat og drikke.<\/p>\n<\/div><figure class=\"wp-block-media-text__media\"><img loading=\"lazy\" decoding=\"async\" width=\"475\" height=\"596\" src=\"https:\/\/edelvin.no\/wp-content\/uploads\/2025\/01\/Smag-og-behag.png\" alt=\"\" class=\"wp-image-113 size-full\" srcset=\"https:\/\/edelvin.no\/wp-content\/uploads\/2025\/01\/Smag-og-behag.png 475w, https:\/\/edelvin.no\/wp-content\/uploads\/2025\/01\/Smag-og-behag-239x300.png 239w\" sizes=\"auto, (max-width: 475px) 100vw, 475px\" \/><\/figure><\/div>\n<\/div>\n\n\n\n<p><mark style=\"background-color:rgba(0, 0, 0, 0)\" class=\"has-inline-color has-white-color\">.<\/mark><\/p>\n\n\n\n<hr class=\"wp-block-separator has-alpha-channel-opacity is-style-wide\"\/>\n\n\n\n<p><mark style=\"background-color:rgba(0, 0, 0, 0)\" class=\"has-inline-color has-white-color\">.<\/mark><\/p>\n\n\n\n<div class=\"wp-block-group is-nowrap is-layout-flex wp-container-core-group-is-layout-ad2f72ca wp-block-group-is-layout-flex\">\n<div class=\"wp-block-media-text alignfull is-stacked-on-mobile is-vertically-aligned-center\" style=\"grid-template-columns:55% auto\"><figure class=\"wp-block-media-text__media\"><img loading=\"lazy\" decoding=\"async\" width=\"600\" height=\"450\" src=\"https:\/\/edelvin.no\/wp-content\/uploads\/2025\/01\/Maltid-pa-Boen-Gard.jpg\" alt=\"\" class=\"wp-image-111 size-full\" srcset=\"https:\/\/edelvin.no\/wp-content\/uploads\/2025\/01\/Maltid-pa-Boen-Gard.jpg 600w, https:\/\/edelvin.no\/wp-content\/uploads\/2025\/01\/Maltid-pa-Boen-Gard-300x225.jpg 300w\" sizes=\"auto, (max-width: 600px) 100vw, 600px\" \/><\/figure><div class=\"wp-block-media-text__content\">\n<h3 class=\"wp-block-heading has-text-align-left has-text-color\" style=\"color:#000000\"><strong>M\u00e5ltid p\u00e5 Boen G\u00e5rd<\/strong><\/h3>\n\n\n\n<hr class=\"wp-block-separator has-alpha-channel-opacity is-style-wide\"\/>\n\n\n\n<p class=\"has-text-align-left has-extra-small-font-size\">Boen G\u00e5rd, ved Tovdalselva, er en staselig lystg\u00e5rd \u00e5pnet for private arrangementer i 2012. Hovedhuset fra 1813 er smakfullt restaurert med kortreist og sesongbasert mat. 18 doble rom, inkludert totalrenoverte bygninger ved elvebredden og fl\u00f8ybygninger i hovedhuset. \u00abIshuset\u00bb tilbyr moderne fasiliteter for m\u00f8ter og konferanser.<\/p>\n<\/div><\/div>\n<\/div>\n\n\n\n<p><mark style=\"background-color:rgba(0, 0, 0, 0)\" class=\"has-inline-color has-white-color\">.<\/mark><\/p>\n\n\n\n<hr class=\"wp-block-separator has-alpha-channel-opacity is-style-wide\"\/>\n\n\n\n<p><mark style=\"background-color:rgba(0, 0, 0, 0)\" class=\"has-inline-color has-white-color\">.<\/mark><\/p>\n\n\n\n<div class=\"wp-block-group is-nowrap is-layout-flex wp-container-core-group-is-layout-ad2f72ca wp-block-group-is-layout-flex\">\n<div class=\"wp-block-media-text alignfull has-media-on-the-right is-stacked-on-mobile is-vertically-aligned-center\" style=\"grid-template-columns:auto 61%\"><div class=\"wp-block-media-text__content\">\n<h3 class=\"wp-block-heading has-text-align-right has-text-color\" style=\"color:#000000\"><strong>Pieder Ro<\/strong><\/h3>\n\n\n\n<hr class=\"wp-block-separator has-alpha-channel-opacity is-style-wide\"\/>\n\n\n\n<p class=\"has-text-align-right has-extra-small-font-size\">Pieder Ro, p\u00e5 Fiskebrygga, fokuserer p\u00e5 vin, mat og hygge med lokale r\u00e5varer fra havet, Setesdalsheiene, og egen hage. Sesongbasert&nbsp;<em>a la carte<\/em>-meny med h\u00f8ykvalitets kortreiste r\u00e5varer. Stor uteservering om sommeren. Velkommen til kvalitet og vennlig service.<\/p>\n<\/div><figure class=\"wp-block-media-text__media\"><img loading=\"lazy\" decoding=\"async\" width=\"674\" height=\"450\" src=\"https:\/\/edelvin.no\/wp-content\/uploads\/2025\/01\/Pieder-Ro.jpg\" alt=\"\" class=\"wp-image-112 size-full\" srcset=\"https:\/\/edelvin.no\/wp-content\/uploads\/2025\/01\/Pieder-Ro.jpg 674w, https:\/\/edelvin.no\/wp-content\/uploads\/2025\/01\/Pieder-Ro-300x200.jpg 300w\" sizes=\"auto, (max-width: 674px) 100vw, 674px\" \/><\/figure><\/div>\n<\/div>\n\n\n\n<p><mark style=\"background-color:rgba(0, 0, 0, 0)\" class=\"has-inline-color has-white-color\">.<\/mark><\/p>\n\n\n\n<hr class=\"wp-block-separator has-alpha-channel-opacity is-style-wide\"\/>\n\n\n\n<p><mark style=\"background-color:rgba(0, 0, 0, 0)\" class=\"has-inline-color has-white-color\">.<\/mark><\/p>\n\n\n\n<div class=\"wp-block-media-text alignfull is-stacked-on-mobile is-vertically-aligned-center\" style=\"grid-template-columns:54% auto\"><figure class=\"wp-block-media-text__media\"><img loading=\"lazy\" decoding=\"async\" width=\"1024\" height=\"514\" src=\"https:\/\/edelvin.no\/wp-content\/uploads\/2025\/01\/Sjohuset-1024x514.jpg\" alt=\"\" class=\"wp-image-155 size-full\" srcset=\"https:\/\/edelvin.no\/wp-content\/uploads\/2025\/01\/Sjohuset-1024x514.jpg 1024w, https:\/\/edelvin.no\/wp-content\/uploads\/2025\/01\/Sjohuset-300x151.jpg 300w, https:\/\/edelvin.no\/wp-content\/uploads\/2025\/01\/Sjohuset-768x386.jpg 768w, https:\/\/edelvin.no\/wp-content\/uploads\/2025\/01\/Sjohuset-1536x771.jpg 1536w, https:\/\/edelvin.no\/wp-content\/uploads\/2025\/01\/Sjohuset.jpg 2048w\" sizes=\"auto, (max-width: 706px) 89vw, (max-width: 767px) 82vw, 740px\" \/><\/figure><div class=\"wp-block-media-text__content\">\n<h3 class=\"wp-block-heading has-text-align-left has-text-color\" style=\"color:#000000\"><strong>Sj\u00f8huset<\/strong><\/h3>\n\n\n\n<hr class=\"wp-block-separator has-alpha-channel-opacity is-style-wide\"\/>\n\n\n\n<p class=\"has-text-align-left has-extra-small-font-size\">Sj\u00f8huset serverer sesongbaserte retter laget av lokale r\u00e5varer, tilberedt av dyktige kokker og servert av vennlig personale.<\/p>\n\n\n\n<p class=\"has-text-align-left has-extra-small-font-size\">Inne i restauranten og glasshuset \u00abHavet\u00bb tilbys \u00e0 la carte-meny med bordreservasjon. P\u00e5 brygga serveres en uformell bryggemeny uten behov for reservasjon.<\/p>\n<\/div><\/div>\n\n\n\n<p><mark style=\"background-color:rgba(0, 0, 0, 0)\" class=\"has-inline-color has-white-color\">.<\/mark><\/p>\n\n\n\n<hr class=\"wp-block-separator has-alpha-channel-opacity is-style-wide\"\/>\n\n\n\n<p><mark style=\"background-color:rgba(0, 0, 0, 0)\" class=\"has-inline-color has-white-color\">.<\/mark><\/p>\n\n\n\n<div class=\"wp-block-media-text alignfull has-media-on-the-right is-stacked-on-mobile is-vertically-aligned-center\" style=\"grid-template-columns:auto 59%\"><div class=\"wp-block-media-text__content\">\n<h3 class=\"wp-block-heading has-text-align-right has-text-color\" style=\"color:#000000\"><strong>Hos Moi<\/strong><\/h3>\n\n\n\n<hr class=\"wp-block-separator has-alpha-channel-opacity is-style-wide\"\/>\n\n\n\n<p class=\"has-text-align-right has-extra-small-font-size\">Restauranten p\u00e5 Fiskebrygga i Kristiansand har originalt interi\u00f8r, kunst av Kjell Nupen og flere unike rom, inkludert en vinbar og champagnelounge. Uteserveringen er inspirert av en frodig hage. Menyen kombinerer fransk brasserimat med lokale r\u00e5varer og internasjonale smaker.<\/p>\n<\/div><figure class=\"wp-block-media-text__media\"><img loading=\"lazy\" decoding=\"async\" width=\"1024\" height=\"573\" src=\"https:\/\/edelvin.no\/wp-content\/uploads\/2025\/01\/Hos-Moi-1024x573.jpg\" alt=\"\" class=\"wp-image-156 size-full\" srcset=\"https:\/\/edelvin.no\/wp-content\/uploads\/2025\/01\/Hos-Moi-1024x573.jpg 1024w, https:\/\/edelvin.no\/wp-content\/uploads\/2025\/01\/Hos-Moi-300x168.jpg 300w, https:\/\/edelvin.no\/wp-content\/uploads\/2025\/01\/Hos-Moi-768x430.jpg 768w, https:\/\/edelvin.no\/wp-content\/uploads\/2025\/01\/Hos-Moi-1536x860.jpg 1536w, https:\/\/edelvin.no\/wp-content\/uploads\/2025\/01\/Hos-Moi.jpg 1625w\" sizes=\"auto, (max-width: 706px) 89vw, (max-width: 767px) 82vw, 740px\" \/><\/figure><\/div>\n\n\n\n<p><mark style=\"background-color:rgba(0, 0, 0, 0)\" class=\"has-inline-color has-white-color\">.<\/mark><\/p>\n","protected":false},"excerpt":{"rendered":"<p>I Norge kan vi dessverre ikke selge vin direkte til privatpersoner. Dette skyldes strenge alkohollover og et regulert vinmonopol. Men frykt ikke! Du har fremdeles muligheten til \u00e5 oppleve v\u00e5re deilige viner hos utvalgte spisesteder og vinbarer. Skudeneset Gaard, M\u00e5ltid p\u00e5 Boen G\u00e5rd, Smag og Behag og Pieder Ro er noen av de flotte stedene &hellip; <\/p>\n<p class=\"link-more\"><a href=\"https:\/\/edelvin.no\/?page_id=50\" class=\"more-link\">Fortsett \u00e5 lese<span class=\"screen-reader-text\"> \u00abOpplev oss her\u00bb<\/span><\/a><\/p>\n","protected":false},"author":1,"featured_media":0,"parent":0,"menu_order":0,"comment_status":"closed","ping_status":"closed","template":"","meta":{"footnotes":""},"class_list":["post-50","page","type-page","status-publish","hentry"],"jetpack_sharing_enabled":true,"_links":{"self":[{"href":"https:\/\/edelvin.no\/index.php?rest_route=\/wp\/v2\/pages\/50","targetHints":{"allow":["GET"]}}],"collection":[{"href":"https:\/\/edelvin.no\/index.php?rest_route=\/wp\/v2\/pages"}],"about":[{"href":"https:\/\/edelvin.no\/index.php?rest_route=\/wp\/v2\/types\/page"}],"author":[{"embeddable":true,"href":"https:\/\/edelvin.no\/index.php?rest_route=\/wp\/v2\/users\/1"}],"replies":[{"embeddable":true,"href":"https:\/\/edelvin.no\/index.php?rest_route=%2Fwp%2Fv2%2Fcomments&post=50"}],"version-history":[{"count":7,"href":"https:\/\/edelvin.no\/index.php?rest_route=\/wp\/v2\/pages\/50\/revisions"}],"predecessor-version":[{"id":160,"href":"https:\/\/edelvin.no\/index.php?rest_route=\/wp\/v2\/pages\/50\/revisions\/160"}],"wp:attachment":[{"href":"https:\/\/edelvin.no\/index.php?rest_route=%2Fwp%2Fv2%2Fmedia&parent=50"}],"curies":[{"name":"wp","href":"https:\/\/api.w.org\/{rel}","templated":true}]}}